{"id":835,"date":"2023-11-02T14:45:49","date_gmt":"2023-11-02T13:45:49","guid":{"rendered":"https:\/\/www.camplayes.com\/verhuur-van-stacaravans-var-in-six-fours-les-plages\/"},"modified":"2023-12-15T09:41:24","modified_gmt":"2023-12-15T08:41:24","slug":"locaties","status":"publish","type":"page","link":"https:\/\/www.camplayes.com\/nl\/locaties\/","title":{"rendered":"Verhuur van stacaravans Var in Six Fours les Plages"},"content":{"rendered":"\n<div class=\"is-layout-flow wp-block-group alignfull diaporama-header\">\n<figure class=\"is-layout-flex wp-block-gallery-1 wp-block-gallery has-nested-images columns-default is-cropped fc-auto\">\n<figure class=\"wp-block-image size-full fc-auto\"><img decoding=\"async\" width=\"1920\" height=\"1280\" src=\"https:\/\/www.camplayes.com\/wp-content\/uploads\/2023\/11\/location-mobilhomes.jpg\" alt=\"\" class=\"wp-image-265\" srcset=\"https:\/\/www.camplayes.com\/wp-content\/uploads\/2023\/11\/location-mobilhomes.jpg 1920w, https:\/\/www.camplayes.com\/wp-content\/uploads\/2023\/11\/location-mobilhomes-300x200.jpg 300w, https:\/\/www.camplayes.com\/wp-content\/uploads\/2023\/11\/location-mobilhomes-1024x683.jpg 1024w, https:\/\/www.camplayes.com\/wp-content\/uploads\/2023\/11\/location-mobilhomes-768x512.jpg 768w, https:\/\/www.camplayes.com\/wp-content\/uploads\/2023\/11\/location-mobilhomes-1536x1024.jpg 1536w\" sizes=\"(max-width: 1920px) 100vw, 1920px\" title=\"\"><\/figure>\n<\/figure>\n\n\n\n<div class=\"is-content-justification-center is-layout-flex wp-container-3 wp-block-buttons\">\n<div class=\"wp-block-button btn_resa\"><a class=\"wp-block-button__link wp-element-button\"><span class=\"fc-icon magnifying-glass-regular\"><\/span>  Boek uw accommodatie<\/a><\/div>\n<\/div>\n<\/div>\n\n\n\n<div class=\"is-layout-flex wp-container-10 wp-block-columns P-20\">\n<div class=\"is-layout-flow wp-block-column\">\n<h1 class=\"h2 fade-right\">Verhuur van stacaravans<br><span class=\"fc-span\">Var bij Six Fours les Plages<\/span><\/h1>\n\n\n\n<h2 class=\"p\"><span class=\"fc-span\">Stacaravan verhuur Var 4 sterren<\/span><\/h2>\n\n\n\n<p>Pour vos vacances en famille dans un <strong>camping proche de Bandol<\/strong>, en bord de la m\u00e9diterran\u00e9e, n&#8217;h\u00e9sitez plus et venez profiter du <a href=\"https:\/\/www.camplayes.com\/nl\/\" data-type=\"page\" data-id=\"2\">camping 4 \u00e9toiles Les Playes<\/a> ! D\u00e9couvrez notre s\u00e9lection de<strong> location de mobil home dans le Var <\/strong>qui se confondent somptueusement dans la nature environnante.<\/p>\n\n\n\n<p>Beste vakantiegangers, met familie of vrienden, onze  <strong>camping in Six Fours les Plages<\/strong>  biedt u<strong>  comfortabele stacaravan verhuur in de Var.  <\/strong>Dus, voor je verblijf in<strong>  Franse Rivi\u00e8ra<\/strong>de keuze van een  <strong>verhuur van stacaravans dichtbij Bandol  <\/strong>en badplaatsen in het zuidoosten; Onze accommodatie is ruim en biedt plaats aan <strong>2 tot 6 personen<\/strong>. Bovendien biedt ons ruime aanbod <strong>locatie mobilhome Var<\/strong> belooft je een aangenaam verblijf met alle comfort, in een natuurlijke omgeving.<\/p>\n\n\n\n<div class=\"wp-block-fc-gut-lire-plus fc-desk\"><p class=\"has-text-align-left btn-lire-plus\">Meer lezen<\/p><div class=\"content-lire-plus\">\n<p>Geniet in een<strong> rustige, bosrijke omgeving<\/strong> van de zon van de C\u00f4te d&#8217;Azur op het terras van uw stacaravan voor uw volgende vakantie. Alle terrassen van <strong>onze stacaravans in Six Fours Les Plages<\/strong> zijn uitgerust met tuinmeubilair. Elke stacaravanplaats ligt in een rustige omgeving, zodat je kunt genieten van een goede nachtrust.<\/p>\n\n\n\n<p>Onze  <strong>camping in Six Fours les Plages<\/strong>  waar je je vakantiewoning kunt boeken, is ideaal gelegen.  <strong>tussen de badplaatsen Sanary-sur-Mer en La Seyne-su-Mer.  <\/strong>Huur een stacaravan op camping Les Playes en profiteer van een ideale locatie voor een vakantie aan zee, want de Middellandse Zee ligt op slechts 1500 meter van de camping; De locatie stelt je ook in staat om nabijgelegen steden en dorpen te ontdekken, zoals Toulon, Hy\u00e8res en het schiereiland Giens.<\/p>\n<\/div><\/div>\n\n\n\n<div class=\"is-layout-flex wp-block-buttons\">\n<div class=\"wp-block-button fc-style-1\"><a class=\"wp-block-button__link wp-element-button\" href=\"https:\/\/www.camplayes.com\/nl\/fotos-videos\/\"><span class=\"fc-icon camera-retro-regular\"><\/span>  Bekijk de fotogalerij<\/a><\/div>\n<\/div>\n<\/div>\n\n\n\n<div class=\"is-layout-flow wp-block-column\">\n<figure class=\"is-layout-flex wp-block-gallery-7 wp-block-gallery has-nested-images columns-2 is-cropped fade-left fc-auto\">\n<figure class=\"wp-block-image size-full fc-auto\"><img decoding=\"async\" width=\"1920\" height=\"1280\" src=\"https:\/\/www.camplayes.com\/wp-content\/uploads\/2023\/11\/location-chalet.jpg\" alt=\"\" class=\"wp-image-193\" srcset=\"https:\/\/www.camplayes.com\/wp-content\/uploads\/2023\/11\/location-chalet.jpg 1920w, https:\/\/www.camplayes.com\/wp-content\/uploads\/2023\/11\/location-chalet-300x200.jpg 300w, https:\/\/www.camplayes.com\/wp-content\/uploads\/2023\/11\/location-chalet-1024x683.jpg 1024w, https:\/\/www.camplayes.com\/wp-content\/uploads\/2023\/11\/location-chalet-768x512.jpg 768w, https:\/\/www.camplayes.com\/wp-content\/uploads\/2023\/11\/location-chalet-1536x1024.jpg 1536w\" sizes=\"(max-width: 1920px) 100vw, 1920px\" title=\"\"><\/figure>\n\n\n\n<figure class=\"wp-block-image size-full fc-auto\"><img decoding=\"async\" width=\"800\" height=\"533\" src=\"https:\/\/www.camplayes.com\/wp-content\/uploads\/2023\/11\/105-galerie-decouvrez-le-camping-en-images-1-1.jpg\" alt=\"\" class=\"wp-image-286\" srcset=\"https:\/\/www.camplayes.com\/wp-content\/uploads\/2023\/11\/105-galerie-decouvrez-le-camping-en-images-1-1.jpg 800w, https:\/\/www.camplayes.com\/wp-content\/uploads\/2023\/11\/105-galerie-decouvrez-le-camping-en-images-1-1-300x200.jpg 300w, https:\/\/www.camplayes.com\/wp-content\/uploads\/2023\/11\/105-galerie-decouvrez-le-camping-en-images-1-1-768x512.jpg 768w\" sizes=\"(max-width: 800px) 100vw, 800px\" title=\"\"><\/figure>\n\n\n\n<figure class=\"wp-block-image size-full fc-auto\"><img decoding=\"async\" width=\"1903\" height=\"743\" src=\"https:\/\/www.camplayes.com\/wp-content\/uploads\/2023\/11\/vue-mer-les-playes.jpg\" alt=\"\" class=\"wp-image-287\" srcset=\"https:\/\/www.camplayes.com\/wp-content\/uploads\/2023\/11\/vue-mer-les-playes.jpg 1903w, https:\/\/www.camplayes.com\/wp-content\/uploads\/2023\/11\/vue-mer-les-playes-300x117.jpg 300w, https:\/\/www.camplayes.com\/wp-content\/uploads\/2023\/11\/vue-mer-les-playes-1024x400.jpg 1024w, https:\/\/www.camplayes.com\/wp-content\/uploads\/2023\/11\/vue-mer-les-playes-768x300.jpg 768w, https:\/\/www.camplayes.com\/wp-content\/uploads\/2023\/11\/vue-mer-les-playes-1536x600.jpg 1536w\" sizes=\"(max-width: 1903px) 100vw, 1903px\" title=\"\"><\/figure>\n\n\n\n<figure class=\"wp-block-image size-full rose radius-haut-droit fc-auto\"><img decoding=\"async\" width=\"472\" height=\"562\" src=\"https:\/\/www.camplayes.com\/wp-content\/uploads\/2023\/11\/exterieur_mimosas-1.jpg\" alt=\"\" class=\"wp-image-203\" srcset=\"https:\/\/www.camplayes.com\/wp-content\/uploads\/2023\/11\/exterieur_mimosas-1.jpg 472w, https:\/\/www.camplayes.com\/wp-content\/uploads\/2023\/11\/exterieur_mimosas-1-252x300.jpg 252w\" sizes=\"(max-width: 472px) 100vw, 472px\" title=\"\"><figcaption class=\"wp-element-caption\"><span class=\"fc-icon house-heart-regular\"><\/span>  Comfortabele accommodatie<\/figcaption><\/figure>\n<\/figure>\n<\/div>\n<\/div>\n\n\n\n<section class=\"is-layout-constrained wp-block-group alignfull P-40 vague-fond has-fond-background-color has-background\">\n<div class=\"is-layout-flex wp-container-15 wp-block-columns are-vertically-aligned-center\">\n<div class=\"is-layout-flow wp-block-column is-vertically-aligned-center anim--bateau sunset fade-right\">\n<ul class=\"pictos reverse-pictos\">\n<li class=\"P-40\"><span class=\"fc-icon house-tree-regular\"><\/span>  Schaduwrijke verhuur<\/li>\n\n\n\n<li class=\"rouge\"><span class=\"fc-icon air-conditioner-regular\"><\/span>  Airconditioning<\/li>\n<\/ul>\n<\/div>\n\n\n\n<div class=\"is-layout-flow wp-block-column is-vertically-aligned-center order-mob\" style=\"flex-basis:50%\">\n<h2 class=\"has-text-align-center .h3 fade-up has-rouge-color has-text-color\">Comfortabele stacaravans bij Six Fours les Plages in de Var<\/h2>\n\n\n\n<p class=\"has-text-align-center\">Na dagen rijk aan bezoeken en ontdekkingen in het hart van een droomregio, of ontspannen in de schaduw van de pijnbomen, onze<strong>  verhuur van stacaravans in de Var<\/strong>  zijn voorzien van airconditioning en bieden u al het comfort dat u nodig hebt om onvergetelijke momenten te beleven tijdens uw kampeervakantie in Six Fours Les Plages.<\/p>\n\n\n\n<div class=\"wp-block-fc-gut-lire-plus fc-mob\"><p class=\"has-text-align-center btn-lire-plus\">Meer lezen<\/p><div class=\"content-lire-plus\">\n<p class=\"has-text-align-center\">Ga <strong>kamperen in de Var<\/strong> en profiteer van alle faciliteiten, voorzieningen en diensten op onze <strong>camping op 7 minuten van Sanary sur Mer <\/strong>, midden in de natuur. Ons <strong><a href=\"https:\/\/www.camplayes.com\/nl\/verwarmd-zwembad\/\" data-type=\"page\" data-id=\"113\">verwarmde zwembad<\/a><\/strong> is geopend van Pasen tot Allerheiligen (als het weer het toelaat); Het <strong>zwembad<\/strong> is perfect om te ontspannen in een gezinsomgeving, met een rond zwembad en een peuterbad voor de kleintjes;<\/p>\n\n\n\n<p class=\"has-text-align-center\">Bekijk al onze tarieven en aanbiedingen, en aarzel niet om ons te bellen als je niet alle informatie vindt die je zoekt, of als je liever per telefoon huurt en ontspant in het hart van onze<strong> camping met zwembad in de Var<\/strong>.<\/p>\n<\/div><\/div>\n\n\n\n<div class=\"is-content-justification-center is-layout-flex wp-container-12 wp-block-buttons\">\n<div class=\"wp-block-button fc-style-1\"><a class=\"wp-block-button__link wp-element-button\" href=\"https:\/\/www.camplayes.com\/nl\/verwarmd-zwembad\/\"><span class=\"fc-icon water-ladder-regular\"><\/span>  Ontdek het zwembad<\/a><\/div>\n<\/div>\n<\/div>\n\n\n\n<div class=\"is-layout-flow wp-block-column is-vertically-aligned-center anim--bateau umbrella fade-left\">\n<ul class=\"pictos\">\n<li class=\"rouge\"><span class=\"fc-icon water-regular\"><\/span>  Dichtbij de zee<\/li>\n\n\n\n<li><span class=\"fc-icon family-regular\"><\/span>  2 tot 6 personen<\/li>\n<\/ul>\n<\/div>\n<\/div>\n<\/section>\n","protected":false},"excerpt":{"rendered":"<p>Verhuur van stacaravansVar bij Six Fours les Plages Stacaravan verhuur Var 4 sterren Pour vos vacances en famille dans un camping proche de Bandol, en bord de la m\u00e9diterran\u00e9e, n&#8217;h\u00e9sitez plus et venez profiter du camping 4 \u00e9toiles Les Playes ! D\u00e9couvrez notre s\u00e9lection de location de mobil home dans le Var qui se confondent [&hellip;]<\/p>\n","protected":false},"author":1,"featured_media":0,"parent":0,"menu_order":0,"comment_status":"closed","ping_status":"closed","template":"","meta":[],"acf":[],"_links":{"self":[{"href":"https:\/\/www.camplayes.com\/nl\/wp-json\/wp\/v2\/pages\/835"}],"collection":[{"href":"https:\/\/www.camplayes.com\/nl\/wp-json\/wp\/v2\/pages"}],"about":[{"href":"https:\/\/www.camplayes.com\/nl\/wp-json\/wp\/v2\/types\/page"}],"author":[{"embeddable":true,"href":"https:\/\/www.camplayes.com\/nl\/wp-json\/wp\/v2\/users\/1"}],"replies":[{"embeddable":true,"href":"https:\/\/www.camplayes.com\/nl\/wp-json\/wp\/v2\/comments?post=835"}],"version-history":[{"count":6,"href":"https:\/\/www.camplayes.com\/nl\/wp-json\/wp\/v2\/pages\/835\/revisions"}],"predecessor-version":[{"id":1655,"href":"https:\/\/www.camplayes.com\/nl\/wp-json\/wp\/v2\/pages\/835\/revisions\/1655"}],"wp:attachment":[{"href":"https:\/\/www.camplayes.com\/nl\/wp-json\/wp\/v2\/media?parent=835"}],"curies":[{"name":"wp","href":"https:\/\/api.w.org\/{rel}","templated":true}]}}