{"id":828,"date":"2023-11-02T14:46:50","date_gmt":"2023-11-02T13:46:50","guid":{"rendered":"https:\/\/www.camplayes.com\/geniessen-sie-einen-campingplatz-var-mit-beheiztem-schwimmbad-in-six-fours\/"},"modified":"2023-12-15T09:42:16","modified_gmt":"2023-12-15T08:42:16","slug":"beheizter-pool","status":"publish","type":"page","link":"https:\/\/www.camplayes.com\/de\/beheizter-pool\/","title":{"rendered":"Genie\u00dfen Sie einen Campingplatz Var mit beheiztem Schwimmbad in Six Fours"},"content":{"rendered":"\n<div class=\"is-layout-flow wp-block-group alignfull diaporama-header\">\n<figure class=\"is-layout-flex wp-block-gallery-1 wp-block-gallery has-nested-images columns-default is-cropped fc-auto\">\n<figure class=\"wp-block-image size-full fc-auto\"><img decoding=\"async\" width=\"2560\" height=\"1172\" src=\"https:\/\/www.camplayes.com\/wp-content\/uploads\/2023\/11\/piscine-vue-panoramique-scaled.jpg\" alt=\"\" class=\"wp-image-307\" srcset=\"https:\/\/www.camplayes.com\/wp-content\/uploads\/2023\/11\/piscine-vue-panoramique-scaled.jpg 2560w, https:\/\/www.camplayes.com\/wp-content\/uploads\/2023\/11\/piscine-vue-panoramique-300x137.jpg 300w, https:\/\/www.camplayes.com\/wp-content\/uploads\/2023\/11\/piscine-vue-panoramique-1024x469.jpg 1024w, https:\/\/www.camplayes.com\/wp-content\/uploads\/2023\/11\/piscine-vue-panoramique-768x352.jpg 768w, https:\/\/www.camplayes.com\/wp-content\/uploads\/2023\/11\/piscine-vue-panoramique-1536x703.jpg 1536w, https:\/\/www.camplayes.com\/wp-content\/uploads\/2023\/11\/piscine-vue-panoramique-2048x937.jpg 2048w\" sizes=\"(max-width: 2560px) 100vw, 2560px\" title=\"\"><\/figure>\n<\/figure>\n\n\n\n<div class=\"is-content-justification-center is-layout-flex wp-container-3 wp-block-buttons\">\n<div class=\"wp-block-button btn_resa\"><a class=\"wp-block-button__link wp-element-button\"><span class=\"fc-icon magnifying-glass-regular\"><\/span>  Buchen Sie Ihren Aufenthalt<\/a><\/div>\n<\/div>\n<\/div>\n\n\n\n<div class=\"is-layout-flex wp-container-10 wp-block-columns P-10\">\n<div class=\"is-layout-flow wp-block-column\">\n<h1 class=\"h2 fade-right\" id=\"block-a2e27279-0d6d-4dd2-a414-71dea98c42c5\"><span class=\"fc-span\">Genie\u00dfen Sie einen Var-Campingplatz mit<\/span><br>Beheizter Pool in Six Fours<\/h1>\n\n\n\n<p>Haben Sie Lust, w\u00e4hrend Ihres n\u00e4chsten Aufenthalts auf dem <strong>Campingplatz in Six Fours Les Plages<\/strong> die Freuden des <strong>Badens<\/strong> zu genie\u00dfen? Neben den nahe gelegenen <a href=\"https:\/\/www.camplayes.com\/de\/alentours\/campingplatz-six-fours-les-plages\/\" data-type=\"URL\" data-id=\"https:\/\/www.camplayes.com\/alentours\/camping-six-fours-les-plages\/\">Str\u00e4nden von Six Fours<\/a> k\u00f6nnen Sie auf unserem <strong>Campingplatz Var mit beheiztem Schwimmbad<\/strong> (wetterabh\u00e4ngig) ins Wasser springen oder in unserem <strong>Wasserpark<\/strong> faulenzen.<\/p>\n\n\n\n<div class=\"wp-block-fc-gut-encart fc-alerte\">\n<p><strong>Das Tragen von Shorts oder Bermudas ist verboten. Badeslip erforderlich.<\/strong><\/p>\n<\/div>\n\n\n\n<p><strong>Wir empfehlen Ihnen, auf der Sonnenliege ein Badetuch zu verwenden. Halten Sie sich an die Hausordnung des Wasserparks.<\/strong><\/p>\n\n\n\n<div class=\"is-layout-flex wp-block-buttons\">\n<div class=\"wp-block-button fc-style-1\"><a class=\"wp-block-button__link wp-element-button\" href=\"https:\/\/www.camplayes.com\/de\/fotos-videos\/\"><span class=\"fc-icon camera-retro-regular\"><\/span>  Zur Fotogalerie<\/a><\/div>\n<\/div>\n<\/div>\n\n\n\n<div class=\"is-layout-flow wp-block-column\">\n<figure class=\"is-layout-flex wp-block-gallery-7 wp-block-gallery has-nested-images columns-2 is-cropped fade-left fc-auto\">\n<figure class=\"wp-block-image size-full fc-auto\"><img decoding=\"async\" width=\"987\" height=\"625\" src=\"https:\/\/www.camplayes.com\/wp-content\/uploads\/2023\/11\/piscine_playes-1.jpg\" alt=\"\" class=\"wp-image-238\" srcset=\"https:\/\/www.camplayes.com\/wp-content\/uploads\/2023\/11\/piscine_playes-1.jpg 987w, https:\/\/www.camplayes.com\/wp-content\/uploads\/2023\/11\/piscine_playes-1-300x190.jpg 300w, https:\/\/www.camplayes.com\/wp-content\/uploads\/2023\/11\/piscine_playes-1-768x486.jpg 768w\" sizes=\"(max-width: 987px) 100vw, 987px\" title=\"\"><\/figure>\n\n\n\n<figure class=\"wp-block-image size-full fc-auto\"><img decoding=\"async\" width=\"1715\" height=\"785\" src=\"https:\/\/www.camplayes.com\/wp-content\/uploads\/2023\/11\/piscine-les-playes.jpg\" alt=\"\" class=\"wp-image-230\" srcset=\"https:\/\/www.camplayes.com\/wp-content\/uploads\/2023\/11\/piscine-les-playes.jpg 1715w, https:\/\/www.camplayes.com\/wp-content\/uploads\/2023\/11\/piscine-les-playes-300x137.jpg 300w, https:\/\/www.camplayes.com\/wp-content\/uploads\/2023\/11\/piscine-les-playes-1024x469.jpg 1024w, https:\/\/www.camplayes.com\/wp-content\/uploads\/2023\/11\/piscine-les-playes-768x352.jpg 768w, https:\/\/www.camplayes.com\/wp-content\/uploads\/2023\/11\/piscine-les-playes-1536x703.jpg 1536w\" sizes=\"(max-width: 1715px) 100vw, 1715px\" title=\"\"><\/figure>\n\n\n\n<figure class=\"wp-block-image size-full fc-auto\"><img decoding=\"async\" width=\"800\" height=\"533\" src=\"https:\/\/www.camplayes.com\/wp-content\/uploads\/2023\/11\/7-2511141538538896.jpg\" alt=\"\" class=\"wp-image-229\" srcset=\"https:\/\/www.camplayes.com\/wp-content\/uploads\/2023\/11\/7-2511141538538896.jpg 800w, https:\/\/www.camplayes.com\/wp-content\/uploads\/2023\/11\/7-2511141538538896-300x200.jpg 300w, https:\/\/www.camplayes.com\/wp-content\/uploads\/2023\/11\/7-2511141538538896-768x512.jpg 768w\" sizes=\"(max-width: 800px) 100vw, 800px\" title=\"\"><\/figure>\n<\/figure>\n<\/div>\n<\/div>\n\n\n\n<div class=\"is-layout-flex wp-container-15 wp-block-columns alignfull P-20 vague-fond has-fond-background-color has-background reverse-mob\">\n<div class=\"is-layout-flow wp-block-column\">\n<figure class=\"is-layout-flex wp-block-gallery-11 wp-block-gallery has-nested-images columns-2 is-cropped fade-right fc-auto\">\n<figure class=\"wp-block-image size-full fc-auto\"><img decoding=\"async\" width=\"2560\" height=\"1172\" src=\"https:\/\/www.camplayes.com\/wp-content\/uploads\/2023\/11\/piscine-vue-panoramique-scaled.jpg\" alt=\"\" class=\"wp-image-307\" srcset=\"https:\/\/www.camplayes.com\/wp-content\/uploads\/2023\/11\/piscine-vue-panoramique-scaled.jpg 2560w, https:\/\/www.camplayes.com\/wp-content\/uploads\/2023\/11\/piscine-vue-panoramique-300x137.jpg 300w, https:\/\/www.camplayes.com\/wp-content\/uploads\/2023\/11\/piscine-vue-panoramique-1024x469.jpg 1024w, https:\/\/www.camplayes.com\/wp-content\/uploads\/2023\/11\/piscine-vue-panoramique-768x352.jpg 768w, https:\/\/www.camplayes.com\/wp-content\/uploads\/2023\/11\/piscine-vue-panoramique-1536x703.jpg 1536w, https:\/\/www.camplayes.com\/wp-content\/uploads\/2023\/11\/piscine-vue-panoramique-2048x937.jpg 2048w\" sizes=\"(max-width: 2560px) 100vw, 2560px\" title=\"\"><\/figure>\n\n\n\n<figure class=\"wp-block-image size-full fc-auto\"><img decoding=\"async\" width=\"1280\" height=\"588\" src=\"https:\/\/www.camplayes.com\/wp-content\/uploads\/2023\/11\/pano-pisc1.jpg\" alt=\"\" class=\"wp-image-464\" srcset=\"https:\/\/www.camplayes.com\/wp-content\/uploads\/2023\/11\/pano-pisc1.jpg 1280w, https:\/\/www.camplayes.com\/wp-content\/uploads\/2023\/11\/pano-pisc1-300x138.jpg 300w, https:\/\/www.camplayes.com\/wp-content\/uploads\/2023\/11\/pano-pisc1-1024x470.jpg 1024w, https:\/\/www.camplayes.com\/wp-content\/uploads\/2023\/11\/pano-pisc1-768x353.jpg 768w\" sizes=\"(max-width: 1280px) 100vw, 1280px\" title=\"\"><\/figure>\n<\/figure>\n<\/div>\n\n\n\n<div class=\"is-layout-flow wp-block-column deco-soleil\">\n<h2 class=\"fade-left\">Unser Campingplatz in der N\u00e4he von Toulon  <br><span class=\"fc-span\">mit Pool und Strand in der N\u00e4he<\/span><\/h2>\n\n\n\n<p>Unsere Einrichtung ist das ganze Jahr \u00fcber ge\u00f6ffnet, von Ostern bis Allerheiligen hingegen f\u00f6rdert <strong><a href=\"https:\/\/www.camplayes.com\/de\/\" data-type=\"page\" data-id=\"2\">Camping les Playes<\/a> in Six-Fours-les-plages<\/strong> (in der N\u00e4he von <strong>Toulon<\/strong>, <a href=\"https:\/\/www.camplayes.com\/de\/alentours\/camping-in-der-naehe-von-bandol\/\" data-type=\"alentours\" data-id=\"137\">Bandol<\/a> und <strong>Sanary<\/strong>) Ihre Entspannung! Sie haben Zugang zu unserem <strong>beheizten Freibad<\/strong> (je nach <strong>Wetterlage <\/strong>), das nur wenige Schritte von der K\u00fcste und dem Strand <strong><a href=\"https:\/\/www.camplayes.com\/de\/standorte\/\" data-type=\"page\" data-id=\"109\">von<\/a><\/strong><strong> Bonnegrace<\/strong> entfernt ist.<\/p>\n\n\n\n<div class=\"wp-block-fc-gut-lire-plus fc-desk\"><p class=\"has-text-align-left btn-lire-plus\">Lesen Sie mehr<\/p><div class=\"content-lire-plus\">\n<h2 class=\"p\"><span class=\"fc-span\">Ein Campingplatz im Var mit Schwimmbad f\u00fcr die ganze Familie<\/span><\/h2>\n\n\n\n<p>Im Herzen unseres <a href=\"https:\/\/www.camplayes.com\/de\/alentours\/campingplatz-sanary\/\" data-type=\"alentours\" data-id=\"132\">Campingplatzes in der N\u00e4he von Sanary-sur-Mer<\/a> werden die Kinder unser Freibad sch\u00e4tzen, um zu schwimmen oder im <strong>Planschbecken<\/strong> zu spielen. Dieser wird mit dem Ziel beheizt, auch in der Nebensaison w\u00e4hrend Ihres Familienurlaubs maximalen Komfort zu gew\u00e4hrleisten. W\u00e4hrend die Eltern sich auf den <strong>Liegest\u00fchlen rund um den Pool<\/strong> und das Planschbecken entspannen k\u00f6nnen. Damit Ihr <strong>Aufenthalt auf einem Campingplatz im Departement Var<\/strong> zum Faulenzen wird, wurde der Pool des Campingplatzes n\u00e4mlich perfekt durchdacht und mit Liegest\u00fchlen ausgestattet. Wenn Sie Lust auf einen Urlaub im Rhythmus von Gruppenkursen haben, k\u00f6nnen Sie auf die Kurse im Wasserbereich z\u00e4hlen.<\/p>\n<\/div><\/div>\n<\/div>\n<\/div>\n\n\n\n<section class=\"is-layout-constrained wp-block-group alignfull P-40 vague-neutre has-neutre-background-color has-background\">\n<div class=\"is-layout-flex wp-container-20 wp-block-columns are-vertically-aligned-center\">\n<div class=\"is-layout-flow wp-block-column is-vertically-aligned-center sunset anim--tourner fade-right\">\n<ul class=\"pictos reverse-pictos\">\n<li class=\"P-40\"><span class=\"fc-icon temperature-sun-regular\"><\/span> Beheizter Swimmingpool<\/li>\n\n\n\n<li class=\"rouge\"><span class=\"fc-icon person-swimming-regular\"><\/span>  Wasseranimationen<\/li>\n<\/ul>\n<\/div>\n\n\n\n<div class=\"is-layout-flow wp-block-column is-vertically-aligned-center order-mob\" style=\"flex-basis:50%\">\n<h2 class=\"has-text-align-center h3 has-rouge-color has-text-color\">Campingplatz in der N\u00e4he von Bandol mit Swimmingpool :<br><span class=\"fc-span\">eine garantierte famili\u00e4re Atmosph\u00e4re<\/span><\/h2>\n\n\n\n<p class=\"has-text-align-center\">Je nach Lust und Laune k\u00f6nnen Sie sich bei Ihrem Urlaub auf dem Campingplatz Var mit Pool den Freuden der verschiedenen  <strong>Freizeit<\/strong>  angeboten in unserem  <strong>Campingplatz in Six Fours Les Plages<\/strong>Die Kinder k\u00f6nnen sich zum Beispiel auf dem Spielplatz im Freien vergn\u00fcgen. Finden Sie eine gro\u00dfe <a href=\"https:\/\/www.camplayes.com\/de\/aktivitaeten\/\" data-type=\"page\" data-id=\"115\">Auswahl unter den zahlreichen Aktivit\u00e4ten <\/a>, die von<strong> <\/strong>unseren <strong>Campingplatz im Departement Var mit Schwimmbad<\/strong>, damit Sie einen unvergesslichen Urlaub verbringen k\u00f6nnen. F\u00fcr einen gelungenen Urlaub im Departement Var finden Sie hier sportliche und spielerische Aktivit\u00e4ten, alles in einer famili\u00e4ren Atmosph\u00e4re.<\/p>\n\n\n\n<div class=\"wp-block-fc-gut-lire-plus fc-desk\"><p class=\"has-text-align-center btn-lire-plus\">Lesen Sie mehr<\/p><div class=\"content-lire-plus\">\n<p class=\"has-text-align-center\">Um w\u00e4hrend Ihres Urlaubs in der N\u00e4he von <a href=\"https:\/\/www.bandoltourisme.fr\/\" target=\"_blank\" rel=\"noreferrer noopener\">Bandol<\/a> und <strong>Sanary-sur-Mer<\/strong>, g\u00f6nnen Sie sich zwischen zwei oder drei Tauchg\u00e4ngen einen Snack oder etwas anderes in <a href=\"https:\/\/www.camplayes.com\/de\/dienstleistungen\/\" data-type=\"page\" data-id=\"117\">unserer Bar\/Restaurant<\/a>, die Ihren Gaumen w\u00e4hrend Ihres gesamten Aufenthalts auf dem <strong>Campingplatz in Six Fours<\/strong> verw\u00f6hnen wird.<\/p>\n<\/div><\/div>\n\n\n\n<div class=\"is-content-justification-center is-layout-flex wp-container-17 wp-block-buttons\">\n<div class=\"wp-block-button fc-style-1\"><a class=\"wp-block-button__link wp-element-button\" href=\"https:\/\/www.camplayes.com\/de\/aktivitaeten\/\"><span class=\"fc-icon futbol-regular\"><\/span>  Entdecken Sie die Aktivit\u00e4ten<\/a><\/div>\n<\/div>\n<\/div>\n\n\n\n<div class=\"is-layout-flow wp-block-column is-vertically-aligned-center anim--bateau umbrella fade-left\">\n<ul class=\"pictos\">\n<li class=\"rouge\"><span class=\"fc-icon child-reaching-regular\"><\/span>  Kinderplanschbecken<\/li>\n\n\n\n<li><span class=\"fc-icon sprinkler-regular\"><\/span>  Becken mit Minid\u00fcsen<\/li>\n<\/ul>\n<\/div>\n<\/div>\n\n\n\n<figure class=\"is-layout-flex wp-block-gallery-21 wp-block-gallery has-nested-images columns-default is-cropped fade-up fc-diapo-mob fc-auto\">\n<figure class=\"wp-block-image size-full fc-auto\"><img decoding=\"async\" width=\"800\" height=\"533\" src=\"https:\/\/www.camplayes.com\/wp-content\/uploads\/2023\/11\/104-galerie-decouvrez-le-camping-en-images.jpg\" alt=\"\" class=\"wp-image-302\" srcset=\"https:\/\/www.camplayes.com\/wp-content\/uploads\/2023\/11\/104-galerie-decouvrez-le-camping-en-images.jpg 800w, https:\/\/www.camplayes.com\/wp-content\/uploads\/2023\/11\/104-galerie-decouvrez-le-camping-en-images-300x200.jpg 300w, https:\/\/www.camplayes.com\/wp-content\/uploads\/2023\/11\/104-galerie-decouvrez-le-camping-en-images-768x512.jpg 768w\" sizes=\"(max-width: 800px) 100vw, 800px\" title=\"\"><\/figure>\n\n\n\n<figure class=\"wp-block-image size-large rose rond fc-auto\"><img decoding=\"async\" width=\"1024\" height=\"682\" src=\"https:\/\/www.camplayes.com\/wp-content\/uploads\/2023\/11\/dsc_4985-1024x682.jpg\" alt=\"\" class=\"wp-image-300\" srcset=\"https:\/\/www.camplayes.com\/wp-content\/uploads\/2023\/11\/dsc_4985-1024x682.jpg 1024w, https:\/\/www.camplayes.com\/wp-content\/uploads\/2023\/11\/dsc_4985-300x200.jpg 300w, https:\/\/www.camplayes.com\/wp-content\/uploads\/2023\/11\/dsc_4985-768x512.jpg 768w, https:\/\/www.camplayes.com\/wp-content\/uploads\/2023\/11\/dsc_4985.jpg 1280w\" sizes=\"(max-width: 1024px) 100vw, 1024px\" title=\"\"><figcaption class=\"wp-element-caption\"><a href=\"https:\/\/www.camplayes.com\/de\/fotos-videos\/\" data-type=\"page\" data-id=\"121\"><span class=\"fc-icon camera-retro-regular\"><\/span><\/a><\/figcaption><\/figure>\n\n\n\n<figure class=\"wp-block-image size-large fc-auto\"><img decoding=\"async\" width=\"1024\" height=\"682\" src=\"https:\/\/www.camplayes.com\/wp-content\/uploads\/2023\/11\/dsc_5017-1024x682.jpg\" alt=\"\" class=\"wp-image-301\" srcset=\"https:\/\/www.camplayes.com\/wp-content\/uploads\/2023\/11\/dsc_5017-1024x682.jpg 1024w, https:\/\/www.camplayes.com\/wp-content\/uploads\/2023\/11\/dsc_5017-300x200.jpg 300w, https:\/\/www.camplayes.com\/wp-content\/uploads\/2023\/11\/dsc_5017-768x512.jpg 768w, https:\/\/www.camplayes.com\/wp-content\/uploads\/2023\/11\/dsc_5017.jpg 1280w\" sizes=\"(max-width: 1024px) 100vw, 1024px\" title=\"\"><\/figure>\n<\/figure>\n<\/section>\n","protected":false},"excerpt":{"rendered":"<p>Genie\u00dfen Sie einen Var-Campingplatz mitBeheizter Pool in Six Fours Haben Sie Lust, w\u00e4hrend Ihres n\u00e4chsten Aufenthalts auf dem Campingplatz in Six Fours Les Plages die Freuden des Badens zu genie\u00dfen? Neben den nahe gelegenen Str\u00e4nden von Six Fours k\u00f6nnen Sie auf unserem Campingplatz Var mit beheiztem Schwimmbad (wetterabh\u00e4ngig) ins Wasser springen oder in unserem Wasserpark [&hellip;]<\/p>\n","protected":false},"author":1,"featured_media":0,"parent":0,"menu_order":0,"comment_status":"closed","ping_status":"closed","template":"","meta":[],"acf":[],"_links":{"self":[{"href":"https:\/\/www.camplayes.com\/de\/wp-json\/wp\/v2\/pages\/828"}],"collection":[{"href":"https:\/\/www.camplayes.com\/de\/wp-json\/wp\/v2\/pages"}],"about":[{"href":"https:\/\/www.camplayes.com\/de\/wp-json\/wp\/v2\/types\/page"}],"author":[{"embeddable":true,"href":"https:\/\/www.camplayes.com\/de\/wp-json\/wp\/v2\/users\/1"}],"replies":[{"embeddable":true,"href":"https:\/\/www.camplayes.com\/de\/wp-json\/wp\/v2\/comments?post=828"}],"version-history":[{"count":6,"href":"https:\/\/www.camplayes.com\/de\/wp-json\/wp\/v2\/pages\/828\/revisions"}],"predecessor-version":[{"id":1659,"href":"https:\/\/www.camplayes.com\/de\/wp-json\/wp\/v2\/pages\/828\/revisions\/1659"}],"wp:attachment":[{"href":"https:\/\/www.camplayes.com\/de\/wp-json\/wp\/v2\/media?parent=828"}],"curies":[{"name":"wp","href":"https:\/\/api.w.org\/{rel}","templated":true}]}}