{"id":738,"date":"2023-11-02T14:45:49","date_gmt":"2023-11-02T13:45:49","guid":{"rendered":"https:\/\/www.camplayes.com\/mobilheimvermietung-var-in-six-fours-les-plages\/"},"modified":"2023-12-18T14:18:45","modified_gmt":"2023-12-18T13:18:45","slug":"standorte","status":"publish","type":"page","link":"https:\/\/www.camplayes.com\/de\/standorte\/","title":{"rendered":"Mobilheimvermietung Var in Six Fours les Plages"},"content":{"rendered":"\n<div class=\"is-layout-flow wp-block-group alignfull diaporama-header\">\n<figure class=\"is-layout-flex wp-block-gallery-1 wp-block-gallery has-nested-images columns-default is-cropped fc-auto\">\n<figure class=\"wp-block-image size-full fc-auto\"><img decoding=\"async\" width=\"1920\" height=\"1280\" src=\"https:\/\/www.camplayes.com\/wp-content\/uploads\/2023\/11\/location-mobilhomes.jpg\" alt=\"\" class=\"wp-image-265\" srcset=\"https:\/\/www.camplayes.com\/wp-content\/uploads\/2023\/11\/location-mobilhomes.jpg 1920w, https:\/\/www.camplayes.com\/wp-content\/uploads\/2023\/11\/location-mobilhomes-300x200.jpg 300w, https:\/\/www.camplayes.com\/wp-content\/uploads\/2023\/11\/location-mobilhomes-1024x683.jpg 1024w, https:\/\/www.camplayes.com\/wp-content\/uploads\/2023\/11\/location-mobilhomes-768x512.jpg 768w, https:\/\/www.camplayes.com\/wp-content\/uploads\/2023\/11\/location-mobilhomes-1536x1024.jpg 1536w\" sizes=\"(max-width: 1920px) 100vw, 1920px\" title=\"\"><\/figure>\n<\/figure>\n\n\n\n<div class=\"is-content-justification-center is-layout-flex wp-container-3 wp-block-buttons\">\n<div class=\"wp-block-button btn_resa\"><a class=\"wp-block-button__link wp-element-button\"><span class=\"fc-icon magnifying-glass-regular\"><\/span>  Buchen Sie Ihre Unterkunft<\/a><\/div>\n<\/div>\n<\/div>\n\n\n\n<div class=\"is-layout-flex wp-container-10 wp-block-columns P-20\">\n<div class=\"is-layout-flow wp-block-column\">\n<h1 class=\"h2 fade-right\">Vermietung von Mobilheimen<br><span class=\"fc-span\">Var in Six Fours les Plages<\/span><\/h1>\n\n\n\n<h2 class=\"p\"><span class=\"fc-span\">Vermietung von Mobilheimen Var 4 Sterne<\/span><\/h2>\n\n\n\n<p>F\u00fcr Ihren Familienurlaub auf einem <strong>Campingplatz in der N\u00e4he von Bandol<\/strong>, direkt am Mittelmeer, z\u00f6gern Sie nicht l\u00e4nger und genie\u00dfen Sie den 4-Sterne-<a href=\"https:\/\/www.camplayes.com\/de\/\" data-type=\"page\" data-id=\"2\">Campingplatz Les Playes<\/a>! Entdecken Sie unsere Auswahl an <strong>Mobilheimen im Departement Var,<\/strong> die sich nahtlos in die umliegende Natur einf\u00fcgen.<\/p>\n\n\n\n<p>Liebe Urlauber, ob mit Familie oder Freunden, unser  <strong>camping a Six Fours les Plages<\/strong>  bietet Ihnen<strong>  Vermietung von Mobilheimen im Var mit gro\u00dfem Komfort.  <\/strong>So ist f\u00fcr Ihren Aufenthalt in auf der<strong>  Riviera<\/strong>W\u00e4hlen Sie eine  <strong>vermietung von Mobilheimen in der N\u00e4he von Bandol  <\/strong>und Badeorte im S\u00fcdosten. Unsere Unterk\u00fcnfte sind ger\u00e4umig und bieten Platz f\u00fcr <strong>2 bis 6 Personen<\/strong>. Dar\u00fcber hinaus bietet unsere breite Palette an <strong>Mobilheimvermietung Var<\/strong> verspricht Ihnen einen angenehmen Aufenthalt mit dem n\u00f6tigen Komfort, und das alles in einer nat\u00fcrlichen Umgebung.<\/p>\n\n\n\n<div class=\"wp-block-fc-gut-lire-plus fc-desk\"><p class=\"has-text-align-left btn-lire-plus\">Lesen Sie mehr<\/p><div class=\"content-lire-plus\">\n<p>In einer<strong> ruhigen, von B\u00e4umen ges\u00e4umten Umgebung<\/strong> k\u00f6nnen Sie auf der Terrasse Ihres Mobilheims die milde Sonne der C\u00f4te d&#8217;Azur f\u00fcr Ihren n\u00e4chsten Urlaub genie\u00dfen. Alle Terrassen <strong>unserer Mobilheime in Six Fours Les Plages<\/strong> sind mit Gartenm\u00f6beln ausgestattet. Jede Parzelle des Mobilheims erm\u00f6glicht es Ihnen, eine ruhige Umgebung zu genie\u00dfen, sodass Sie eine sehr gute Nacht verbringen k\u00f6nnen.<\/p>\n\n\n\n<p>Unser Grundst\u00fcck von  <strong>Campingplatz in Six Fours les Plages<\/strong>  auf dem Sie Ihre Ferienunterkunft buchen k\u00f6nnen, ist ideal gelegen  <strong>zwischen den Badeorten Sanary-sur-Mer und La Seyne-su-Mer.  <\/strong>Mieten Sie ein Mobilheim auf dem Campingplatz Les Playes und profitieren Sie von einem idealen Ort f\u00fcr einen Urlaub am Meer, da das Mittelmeer nur 1500m vom Campingplatz entfernt ist. Seine Lage erm\u00f6glicht es Ihnen au\u00dferdem, die nahe gelegenen St\u00e4dte und D\u00f6rfer wie Toulon, Hy\u00e8res oder die Halbinsel Giens zu entdecken.<\/p>\n<\/div><\/div>\n\n\n\n<div class=\"is-layout-flex wp-block-buttons\">\n<div class=\"wp-block-button fc-style-1\"><a class=\"wp-block-button__link wp-element-button\" href=\"https:\/\/www.camplayes.com\/de\/fotos-videos\/\"><span class=\"fc-icon camera-retro-regular\"><\/span>  Zur Fotogalerie<\/a><\/div>\n<\/div>\n<\/div>\n\n\n\n<div class=\"is-layout-flow wp-block-column\">\n<figure class=\"is-layout-flex wp-block-gallery-7 wp-block-gallery has-nested-images columns-2 is-cropped fade-left fc-auto\">\n<figure class=\"wp-block-image size-full fc-auto\"><img decoding=\"async\" width=\"1920\" height=\"1280\" src=\"https:\/\/www.camplayes.com\/wp-content\/uploads\/2023\/11\/location-chalet.jpg\" alt=\"\" class=\"wp-image-193\" srcset=\"https:\/\/www.camplayes.com\/wp-content\/uploads\/2023\/11\/location-chalet.jpg 1920w, https:\/\/www.camplayes.com\/wp-content\/uploads\/2023\/11\/location-chalet-300x200.jpg 300w, https:\/\/www.camplayes.com\/wp-content\/uploads\/2023\/11\/location-chalet-1024x683.jpg 1024w, https:\/\/www.camplayes.com\/wp-content\/uploads\/2023\/11\/location-chalet-768x512.jpg 768w, https:\/\/www.camplayes.com\/wp-content\/uploads\/2023\/11\/location-chalet-1536x1024.jpg 1536w\" sizes=\"(max-width: 1920px) 100vw, 1920px\" title=\"\"><\/figure>\n\n\n\n<figure class=\"wp-block-image size-full fc-auto\"><img decoding=\"async\" width=\"800\" height=\"533\" src=\"https:\/\/www.camplayes.com\/wp-content\/uploads\/2023\/11\/105-galerie-decouvrez-le-camping-en-images-1-1.jpg\" alt=\"\" class=\"wp-image-286\" srcset=\"https:\/\/www.camplayes.com\/wp-content\/uploads\/2023\/11\/105-galerie-decouvrez-le-camping-en-images-1-1.jpg 800w, https:\/\/www.camplayes.com\/wp-content\/uploads\/2023\/11\/105-galerie-decouvrez-le-camping-en-images-1-1-300x200.jpg 300w, https:\/\/www.camplayes.com\/wp-content\/uploads\/2023\/11\/105-galerie-decouvrez-le-camping-en-images-1-1-768x512.jpg 768w\" sizes=\"(max-width: 800px) 100vw, 800px\" title=\"\"><\/figure>\n\n\n\n<figure class=\"wp-block-image size-full fc-auto\"><img decoding=\"async\" width=\"1903\" height=\"743\" src=\"https:\/\/www.camplayes.com\/wp-content\/uploads\/2023\/11\/vue-mer-les-playes.jpg\" alt=\"\" class=\"wp-image-287\" srcset=\"https:\/\/www.camplayes.com\/wp-content\/uploads\/2023\/11\/vue-mer-les-playes.jpg 1903w, https:\/\/www.camplayes.com\/wp-content\/uploads\/2023\/11\/vue-mer-les-playes-300x117.jpg 300w, https:\/\/www.camplayes.com\/wp-content\/uploads\/2023\/11\/vue-mer-les-playes-1024x400.jpg 1024w, https:\/\/www.camplayes.com\/wp-content\/uploads\/2023\/11\/vue-mer-les-playes-768x300.jpg 768w, https:\/\/www.camplayes.com\/wp-content\/uploads\/2023\/11\/vue-mer-les-playes-1536x600.jpg 1536w\" sizes=\"(max-width: 1903px) 100vw, 1903px\" title=\"\"><\/figure>\n\n\n\n<figure class=\"wp-block-image size-full rose radius-haut-droit fc-auto\"><img decoding=\"async\" width=\"472\" height=\"562\" src=\"https:\/\/www.camplayes.com\/wp-content\/uploads\/2023\/11\/exterieur_mimosas-1.jpg\" alt=\"\" class=\"wp-image-203\" srcset=\"https:\/\/www.camplayes.com\/wp-content\/uploads\/2023\/11\/exterieur_mimosas-1.jpg 472w, https:\/\/www.camplayes.com\/wp-content\/uploads\/2023\/11\/exterieur_mimosas-1-252x300.jpg 252w\" sizes=\"(max-width: 472px) 100vw, 472px\" title=\"\"><figcaption class=\"wp-element-caption\"><span class=\"fc-icon house-heart-regular\"><\/span>  Unterk\u00fcnfte mit allem Komfort<\/figcaption><\/figure>\n<\/figure>\n<\/div>\n<\/div>\n\n\n\n<section class=\"is-layout-constrained wp-block-group alignfull P-40 vague-fond has-fond-background-color has-background\">\n<div class=\"is-layout-flex wp-container-15 wp-block-columns are-vertically-aligned-center\">\n<div class=\"is-layout-flow wp-block-column is-vertically-aligned-center anim--bateau sunset fade-right\">\n<ul class=\"pictos reverse-pictos\">\n<li class=\"P-40\"><span class=\"fc-icon house-tree-regular\"><\/span>  Schattige Mietobjekte<\/li>\n\n\n\n<li class=\"rouge\"><span class=\"fc-icon air-conditioner-regular\"><\/span>  Klimaanlage<\/li>\n<\/ul>\n<\/div>\n\n\n\n<div class=\"is-layout-flow wp-block-column is-vertically-aligned-center order-mob\" style=\"flex-basis:50%\">\n<h2 class=\"has-text-align-center .h3 fade-up has-rouge-color has-text-color\">Komfortable Mobilheime in Six Fours les Plages im Var<\/h2>\n\n\n\n<p class=\"has-text-align-center\">Nach Tagen voller Besichtigungen und Entdeckungen im Herzen einer traumhaften Region oder beim Ausruhen im Schatten der Pinien, werden unsere<strong>  Vermietung von Mobilheimen in Var<\/strong>  sind klimatisiert und bieten Ihnen den erwarteten Komfort, um unvergessliche Momente w\u00e4hrend Ihres Campingurlaubs in Six Fours Les Plages zu teilen.<\/p>\n\n\n\n<div class=\"wp-block-fc-gut-lire-plus fc-mob\"><p class=\"has-text-align-center btn-lire-plus\">Lesen Sie mehr<\/p><div class=\"content-lire-plus\">\n<p class=\"has-text-align-center\">Fahren Sie zum <strong>Camping im Departement Var<\/strong> und nutzen Sie alle Infrastrukturen, Einrichtungen und Dienstleistungen, die Ihnen unser <strong>Campingplatz bietet, der 7 Minuten von Sanary sur Mer entfernt <\/strong>inmitten der Natur liegt. Sie k\u00f6nnen sich auf unser beheiztes <strong><a href=\"https:\/\/www.camplayes.com\/de\/beheizter-pool\/\" data-type=\"page\" data-id=\"828\">Schwimmbad verlassen<\/a><\/strong>, das von Ostern bis Allerheiligen (wetterabh\u00e4ngig) ge\u00f6ffnet ist. Das <strong>Schwimmbad<\/strong>, das zum Faulenzen in einer famili\u00e4ren Umgebung einl\u00e4dt: ein Schwimmbecken und ein Planschbecken f\u00fcr die Kleinsten.<\/p>\n\n\n\n<p class=\"has-text-align-center\">Schauen Sie sich alle unsere Preise und Angebote an und z\u00f6gern Sie nicht, uns anzurufen, wenn Sie nicht alle gew\u00fcnschten Informationen finden oder wenn Sie lieber per Telefon mieten m\u00f6chten, um sich im Herzen unseres<strong> Campingplatzes mit Schwimmbad im Departement Var<\/strong> niederzulassen.<\/p>\n<\/div><\/div>\n\n\n\n<div class=\"is-content-justification-center is-layout-flex wp-container-12 wp-block-buttons\">\n<div class=\"wp-block-button fc-style-1\"><a class=\"wp-block-button__link wp-element-button\" href=\"https:\/\/www.camplayes.com\/de\/beheizter-pool\/\"><span class=\"fc-icon water-ladder-regular\"><\/span>  Entdecke den Pool<\/a><\/div>\n<\/div>\n<\/div>\n\n\n\n<div class=\"is-layout-flow wp-block-column is-vertically-aligned-center anim--bateau umbrella fade-left\">\n<ul class=\"pictos\">\n<li class=\"rouge\"><span class=\"fc-icon water-regular\"><\/span>  Nahe am Meer<\/li>\n\n\n\n<li><span class=\"fc-icon family-regular\"><\/span>  2 bis 6 Personen<\/li>\n<\/ul>\n<\/div>\n<\/div>\n<\/section>\n","protected":false},"excerpt":{"rendered":"<p>Vermietung von MobilheimenVar in Six Fours les Plages Vermietung von Mobilheimen Var 4 Sterne F\u00fcr Ihren Familienurlaub auf einem Campingplatz in der N\u00e4he von Bandol, direkt am Mittelmeer, z\u00f6gern Sie nicht l\u00e4nger und genie\u00dfen Sie den 4-Sterne-Campingplatz Les Playes! Entdecken Sie unsere Auswahl an Mobilheimen im Departement Var, die sich nahtlos in die umliegende Natur [&hellip;]<\/p>\n","protected":false},"author":1,"featured_media":0,"parent":0,"menu_order":0,"comment_status":"closed","ping_status":"closed","template":"","meta":[],"acf":[],"_links":{"self":[{"href":"https:\/\/www.camplayes.com\/de\/wp-json\/wp\/v2\/pages\/738"}],"collection":[{"href":"https:\/\/www.camplayes.com\/de\/wp-json\/wp\/v2\/pages"}],"about":[{"href":"https:\/\/www.camplayes.com\/de\/wp-json\/wp\/v2\/types\/page"}],"author":[{"embeddable":true,"href":"https:\/\/www.camplayes.com\/de\/wp-json\/wp\/v2\/users\/1"}],"replies":[{"embeddable":true,"href":"https:\/\/www.camplayes.com\/de\/wp-json\/wp\/v2\/comments?post=738"}],"version-history":[{"count":6,"href":"https:\/\/www.camplayes.com\/de\/wp-json\/wp\/v2\/pages\/738\/revisions"}],"predecessor-version":[{"id":1679,"href":"https:\/\/www.camplayes.com\/de\/wp-json\/wp\/v2\/pages\/738\/revisions\/1679"}],"wp:attachment":[{"href":"https:\/\/www.camplayes.com\/de\/wp-json\/wp\/v2\/media?parent=738"}],"curies":[{"name":"wp","href":"https:\/\/api.w.org\/{rel}","templated":true}]}}