{"id":677,"date":"2023-11-02T14:47:41","date_gmt":"2023-11-02T13:47:41","guid":{"rendered":"https:\/\/www.camplayes.com\/campingplatz-in-der-naehe-von-sanary-sur-mer-mit-hochwertigen-dienstleistungen\/"},"modified":"2023-12-15T09:39:28","modified_gmt":"2023-12-15T08:39:28","slug":"dienstleistungen","status":"publish","type":"page","link":"https:\/\/www.camplayes.com\/de\/dienstleistungen\/","title":{"rendered":"Campingplatz in der N\u00e4he von Sanary-sur-Mer mit hochwertigen Dienstleistungen"},"content":{"rendered":"\n<div class=\"is-layout-flow wp-block-group alignfull diaporama-header\">\n<figure class=\"is-layout-flex wp-block-gallery-1 wp-block-gallery has-nested-images columns-default is-cropped fc-auto\">\n<figure class=\"wp-block-image size-full fc-auto\"><img decoding=\"async\" width=\"1715\" height=\"785\" src=\"https:\/\/www.camplayes.com\/wp-content\/uploads\/2023\/11\/plage-les-playes.jpg\" alt=\"\" class=\"wp-image-168\" srcset=\"https:\/\/www.camplayes.com\/wp-content\/uploads\/2023\/11\/plage-les-playes.jpg 1715w, https:\/\/www.camplayes.com\/wp-content\/uploads\/2023\/11\/plage-les-playes-300x137.jpg 300w, https:\/\/www.camplayes.com\/wp-content\/uploads\/2023\/11\/plage-les-playes-1024x469.jpg 1024w, https:\/\/www.camplayes.com\/wp-content\/uploads\/2023\/11\/plage-les-playes-768x352.jpg 768w, https:\/\/www.camplayes.com\/wp-content\/uploads\/2023\/11\/plage-les-playes-1536x703.jpg 1536w\" sizes=\"(max-width: 1715px) 100vw, 1715px\" title=\"\"><\/figure>\n<\/figure>\n\n\n\n<div class=\"is-content-justification-center is-layout-flex wp-container-3 wp-block-buttons\">\n<div class=\"wp-block-button btn_resa\"><a class=\"wp-block-button__link wp-element-button\"><span class=\"fc-icon magnifying-glass-regular\"><\/span>  Buchen Sie Ihren Aufenthalt<\/a><\/div>\n<\/div>\n<\/div>\n\n\n\n<div class=\"is-layout-flex wp-container-10 wp-block-columns P-10\">\n<div class=\"is-layout-flow wp-block-column\">\n<h1 class=\"has-text-align-left h2 fade-right\">Campingplatz in der N\u00e4he von Sanary-sur-Mer<br>zu hochwertigen Dienstleistungen<\/h1>\n\n\n\n<h2><span class=\"fc-span\">4-Sterne-Komfort f\u00fcr Ihren Campingurlaub im Departement Var<\/span><\/h2>\n\n\n\n<p class=\"has-text-align-left\">Um Ihnen die Organisation Ihres Aufenthalts auf dem <strong>Campingplatz in Six Fours in<\/strong> der N\u00e4he von <a href=\"https:\/\/www.camplayes.com\/de\/alentours\/campingplatz-sanary\/\" data-type=\"alentours\" data-id=\"132\">Sanary sur Mer<\/a> und <a href=\"https:\/\/www.camplayes.com\/de\/alentours\/camping-in-der-naehe-von-bandol\/\" data-type=\"alentours\" data-id=\"137\">Bandol<\/a> zu erleichtern, k\u00f6nnen Sie sich auf den <strong>4-Sterne-Service des Campingplatzes<\/strong> verlassen. Von den Restaurants \u00fcber die Freizeiteinrichtungen bis hin zum WLAN-Netz ist alles vorhanden, damit Ihr Urlaub im Zeichen der Entspannung steht. Profitieren Sie unabh\u00e4ngig von der Jahreszeit von all unseren Annehmlichkeiten auf unserem <strong>Campingplatz im Departement Var ganzj\u00e4hrig ge\u00f6ffnet<\/strong>!<\/p>\n\n\n\n<div class=\"is-layout-constrained wp-block-group\">\n<h3>Die Bar \/ das Restaurant<\/h3>\n\n\n\n<p>Auf unserem <strong>4-Sterne-Campingplatz<\/strong> in <a href=\"https:\/\/www.camplayes.com\/de\/alentours\/campingplatz-six-fours-les-plages\/\" data-type=\"alentours\" data-id=\"128\">Six-Fours-Les-Plages<\/a> finden Sie <strong>ein Restaurant und eine Bar<\/strong> (ge\u00f6ffnet von April bis Ende September).  <\/p>\n\n\n\n<p>Das Restaurant bietet Ihnen eine Speisekarte im Stil einer Brasserie mit Pizzen, Salaten, Lasagne sowie Fleischgerichten. W\u00e4hrend der Hochsaison finden mehrmals pro Woche <strong>Themenabende <\/strong>im Restaurant statt: Muscheln &#8211; Pommes frites, Paella usw.  <\/p>\n<\/div>\n<\/div>\n\n\n\n<div class=\"is-layout-flow wp-block-column\">\n<figure class=\"is-layout-flex wp-block-gallery-7 wp-block-gallery has-nested-images columns-2 is-cropped fade-left fc-auto\">\n<figure class=\"wp-block-image size-large fc-auto\"><img decoding=\"async\" width=\"1024\" height=\"682\" src=\"https:\/\/www.camplayes.com\/wp-content\/uploads\/2023\/11\/dsc_4888-1024x682.jpg\" alt=\"\" class=\"wp-image-263\" srcset=\"https:\/\/www.camplayes.com\/wp-content\/uploads\/2023\/11\/dsc_4888-1024x682.jpg 1024w, https:\/\/www.camplayes.com\/wp-content\/uploads\/2023\/11\/dsc_4888-300x200.jpg 300w, https:\/\/www.camplayes.com\/wp-content\/uploads\/2023\/11\/dsc_4888-768x512.jpg 768w, https:\/\/www.camplayes.com\/wp-content\/uploads\/2023\/11\/dsc_4888.jpg 1280w\" sizes=\"(max-width: 1024px) 100vw, 1024px\" title=\"\"><\/figure>\n\n\n\n<figure class=\"wp-block-image size-large fc-auto\"><img decoding=\"async\" width=\"1024\" height=\"400\" src=\"https:\/\/www.camplayes.com\/wp-content\/uploads\/2023\/11\/soiree-les-playes-1024x400.jpg\" alt=\"\" class=\"wp-image-317\" srcset=\"https:\/\/www.camplayes.com\/wp-content\/uploads\/2023\/11\/soiree-les-playes-1024x400.jpg 1024w, https:\/\/www.camplayes.com\/wp-content\/uploads\/2023\/11\/soiree-les-playes-300x117.jpg 300w, https:\/\/www.camplayes.com\/wp-content\/uploads\/2023\/11\/soiree-les-playes-768x300.jpg 768w, https:\/\/www.camplayes.com\/wp-content\/uploads\/2023\/11\/soiree-les-playes-1536x600.jpg 1536w, https:\/\/www.camplayes.com\/wp-content\/uploads\/2023\/11\/soiree-les-playes.jpg 1903w\" sizes=\"(max-width: 1024px) 100vw, 1024px\" title=\"\"><\/figure>\n\n\n\n<figure class=\"wp-block-image size-large fc-auto\"><img decoding=\"async\" width=\"1024\" height=\"682\" src=\"https:\/\/www.camplayes.com\/wp-content\/uploads\/2023\/11\/paella-785515_1280-1024x682.jpg\" alt=\"\" class=\"wp-image-344\" srcset=\"https:\/\/www.camplayes.com\/wp-content\/uploads\/2023\/11\/paella-785515_1280-1024x682.jpg 1024w, https:\/\/www.camplayes.com\/wp-content\/uploads\/2023\/11\/paella-785515_1280-300x200.jpg 300w, https:\/\/www.camplayes.com\/wp-content\/uploads\/2023\/11\/paella-785515_1280-768x512.jpg 768w, https:\/\/www.camplayes.com\/wp-content\/uploads\/2023\/11\/paella-785515_1280.jpg 1280w\" sizes=\"(max-width: 1024px) 100vw, 1024px\" title=\"\"><\/figure>\n<\/figure>\n<\/div>\n<\/div>\n\n\n\n<div class=\"is-layout-flex wp-container-16 wp-block-columns alignfull P-20 vague-fond has-fond-background-color has-background reverse-mob\">\n<div class=\"is-layout-flow wp-block-column\">\n<figure class=\"is-layout-flex wp-block-gallery-11 wp-block-gallery has-nested-images columns-default is-cropped fade-right fc-auto\">\n<figure class=\"wp-block-image size-full rond fc-auto\"><img decoding=\"async\" width=\"987\" height=\"625\" src=\"https:\/\/www.camplayes.com\/wp-content\/uploads\/2023\/11\/piscine_playes-1.jpg\" alt=\"\" class=\"wp-image-238\" srcset=\"https:\/\/www.camplayes.com\/wp-content\/uploads\/2023\/11\/piscine_playes-1.jpg 987w, https:\/\/www.camplayes.com\/wp-content\/uploads\/2023\/11\/piscine_playes-1-300x190.jpg 300w, https:\/\/www.camplayes.com\/wp-content\/uploads\/2023\/11\/piscine_playes-1-768x486.jpg 768w\" sizes=\"(max-width: 987px) 100vw, 987px\" title=\"\"><figcaption class=\"wp-element-caption\"><a href=\"https:\/\/www.camplayes.com\/de\/fotos-videos\/?galerie=piscine\" data-type=\"page\"><span class=\"fc-icon camera-retro-regular\"><\/span><\/a><\/figcaption><\/figure>\n\n\n\n<figure class=\"wp-block-image size-full fc-auto\"><img decoding=\"async\" width=\"800\" height=\"533\" src=\"https:\/\/www.camplayes.com\/wp-content\/uploads\/2023\/11\/7-2511141538538896.jpg\" alt=\"\" class=\"wp-image-229\" srcset=\"https:\/\/www.camplayes.com\/wp-content\/uploads\/2023\/11\/7-2511141538538896.jpg 800w, https:\/\/www.camplayes.com\/wp-content\/uploads\/2023\/11\/7-2511141538538896-300x200.jpg 300w, https:\/\/www.camplayes.com\/wp-content\/uploads\/2023\/11\/7-2511141538538896-768x512.jpg 768w\" sizes=\"(max-width: 800px) 100vw, 800px\" title=\"\"><\/figure>\n<\/figure>\n<\/div>\n\n\n\n<div class=\"is-layout-flow wp-block-column deco-surfboard blanc-svg\">\n<h3 class=\"has-text-align-left fade-left has-rouge-color has-text-color\">Die Aktivit\u00e4ten auf unserem Campingplatz in der N\u00e4he von Sanary-sur-Mer<\/h3>\n\n\n\n<p class=\"has-text-align-left\">F\u00fcr Gro\u00df und Klein gibt es auf dem <strong>Campingplatz Les Playes<\/strong> einen Kinderspielplatz, Tischtennisplatten und einen Bouleplatz. Verbringen Sie gesellige Momente w\u00e4hrend Ihres Campingurlaubs in unserer <a href=\"https:\/\/www.camplayes.com\/de\/umgebung\/\" data-type=\"page\" data-id=\"119\">wundersch\u00f6nen Region<\/a>.<\/p>\n\n\n\n<p class=\"has-text-align-left\">Sie k\u00f6nnen auch an unserem beheizten Pool entspannen<a href=\"https:\/\/www.camplayes.com\/de\/beheizter-pool\/\" data-type=\"page\" data-id=\"113\">von Ostern bis Allerheiligen. <\/a><\/p>\n\n\n\n<div class=\"is-layout-flex wp-block-buttons\">\n<div class=\"wp-block-button\"><a class=\"wp-block-button__link wp-element-button\" href=\"https:\/\/www.camplayes.com\/de\/beheizter-pool\/\"><span class=\"fc-icon water-ladder-regular\"><\/span>  Entdecke den Pool<\/a><\/div>\n<\/div>\n<\/div>\n<\/div>\n\n\n\n<div class=\"is-layout-flex wp-container-21 wp-block-columns alignfull P-20 vague-neutre has-neutre-background-color has-background\">\n<div class=\"is-layout-flow wp-block-column\">\n<h3 class=\"h3 fade-right\">Die anderen Dienste<\/h3>\n\n\n\n<p>Unser <strong>Campingplatz in Six Fours les Plages<\/strong> stellt Ihnen alle Dienstleistungen zur Verf\u00fcgung, die Sie f\u00fcr einen gelungenen <strong>Urlaub an der C\u00f4te d&#8217;Azur<\/strong> ben\u00f6tigen.<\/p>\n\n\n\n<p>Von April bis September profitieren Sie au\u00dferdem vor Ort von einem Brot- und Geb\u00e4ckverkauf.<\/p>\n\n\n\n<p>Der Campingplatz verf\u00fcgt \u00fcber eine kostenlose <strong>Wi-Fi-Abdeckung<\/strong> auf dem gesamten Gel\u00e4nde.<\/p>\n\n\n\n<h3 class=\"has-text-align-left h4 fade-right\">Gesch\u00e4fte in der N\u00e4he des Campingplatzes<\/h3>\n\n\n\n<p class=\"has-text-align-left\">Um w\u00e4hrend Ihres Aufenthalts auf dem <strong>Campingplatz in der N\u00e4he von Sanary<\/strong> einkaufen zu k\u00f6nnen, k\u00f6nnen Sie auf die N\u00e4he zu zahlreichen Gesch\u00e4ften z\u00e4hlen. In der Tat erwarten Sie nur 300 Meter vom Campingplatz entfernt Gesch\u00e4fte (Tabakwaren, Zeitungen, Apotheke und Arzt) und in 1 km Entfernung Superm\u00e4rkte, die Ihnen Ihren Aufenthalt in <strong>Aufenthalt in der Region Var<\/strong>. <\/p>\n<\/div>\n\n\n\n<div class=\"is-layout-flow wp-block-column\">\n<figure class=\"is-layout-flex wp-block-gallery-18 wp-block-gallery has-nested-images columns-default is-cropped deco-umbrella anim--bateau fade-left fc-auto\">\n<figure class=\"wp-block-image size-large fc-auto\"><img decoding=\"async\" width=\"1024\" height=\"469\" src=\"https:\/\/www.camplayes.com\/wp-content\/uploads\/2023\/11\/bar-reception-1024x469.jpg\" alt=\"\" class=\"wp-image-330\" srcset=\"https:\/\/www.camplayes.com\/wp-content\/uploads\/2023\/11\/bar-reception-1024x469.jpg 1024w, https:\/\/www.camplayes.com\/wp-content\/uploads\/2023\/11\/bar-reception-300x137.jpg 300w, https:\/\/www.camplayes.com\/wp-content\/uploads\/2023\/11\/bar-reception-768x352.jpg 768w, https:\/\/www.camplayes.com\/wp-content\/uploads\/2023\/11\/bar-reception-1536x703.jpg 1536w, https:\/\/www.camplayes.com\/wp-content\/uploads\/2023\/11\/bar-reception.jpg 1715w\" sizes=\"(max-width: 1024px) 100vw, 1024px\" title=\"\"><\/figure>\n<\/figure>\n<\/div>\n<\/div>\n","protected":false},"excerpt":{"rendered":"<p>Campingplatz in der N\u00e4he von Sanary-sur-Merzu hochwertigen Dienstleistungen 4-Sterne-Komfort f\u00fcr Ihren Campingurlaub im Departement Var Um Ihnen die Organisation Ihres Aufenthalts auf dem Campingplatz in Six Fours in der N\u00e4he von Sanary sur Mer und Bandol zu erleichtern, k\u00f6nnen Sie sich auf den 4-Sterne-Service des Campingplatzes verlassen. Von den Restaurants \u00fcber die Freizeiteinrichtungen bis hin [&hellip;]<\/p>\n","protected":false},"author":1,"featured_media":0,"parent":0,"menu_order":0,"comment_status":"closed","ping_status":"closed","template":"","meta":[],"acf":[],"_links":{"self":[{"href":"https:\/\/www.camplayes.com\/de\/wp-json\/wp\/v2\/pages\/677"}],"collection":[{"href":"https:\/\/www.camplayes.com\/de\/wp-json\/wp\/v2\/pages"}],"about":[{"href":"https:\/\/www.camplayes.com\/de\/wp-json\/wp\/v2\/types\/page"}],"author":[{"embeddable":true,"href":"https:\/\/www.camplayes.com\/de\/wp-json\/wp\/v2\/users\/1"}],"replies":[{"embeddable":true,"href":"https:\/\/www.camplayes.com\/de\/wp-json\/wp\/v2\/comments?post=677"}],"version-history":[{"count":6,"href":"https:\/\/www.camplayes.com\/de\/wp-json\/wp\/v2\/pages\/677\/revisions"}],"predecessor-version":[{"id":1650,"href":"https:\/\/www.camplayes.com\/de\/wp-json\/wp\/v2\/pages\/677\/revisions\/1650"}],"wp:attachment":[{"href":"https:\/\/www.camplayes.com\/de\/wp-json\/wp\/v2\/media?parent=677"}],"curies":[{"name":"wp","href":"https:\/\/api.w.org\/{rel}","templated":true}]}}