{"id":650,"date":"2023-11-02T14:47:15","date_gmt":"2023-11-02T13:47:15","guid":{"rendered":"https:\/\/www.camplayes.com\/campingplatz-in-der-naehe-von-toulon-mit-animationen\/"},"modified":"2023-12-15T09:39:03","modified_gmt":"2023-12-15T08:39:03","slug":"aktivitaeten","status":"publish","type":"page","link":"https:\/\/www.camplayes.com\/de\/aktivitaeten\/","title":{"rendered":"Campingplatz in der N\u00e4he von Toulon mit Animationen"},"content":{"rendered":"\n<div class=\"is-layout-flow wp-block-group alignfull diaporama-header\">\n<figure class=\"is-layout-flex wp-block-gallery-1 wp-block-gallery has-nested-images columns-default is-cropped fc-auto\">\n<figure class=\"wp-block-image size-full fc-auto\"><img decoding=\"async\" width=\"1903\" height=\"743\" src=\"https:\/\/www.camplayes.com\/wp-content\/uploads\/2023\/11\/jeux-les-playes.jpg\" alt=\"\" class=\"wp-image-309\" srcset=\"https:\/\/www.camplayes.com\/wp-content\/uploads\/2023\/11\/jeux-les-playes.jpg 1903w, https:\/\/www.camplayes.com\/wp-content\/uploads\/2023\/11\/jeux-les-playes-300x117.jpg 300w, https:\/\/www.camplayes.com\/wp-content\/uploads\/2023\/11\/jeux-les-playes-1024x400.jpg 1024w, https:\/\/www.camplayes.com\/wp-content\/uploads\/2023\/11\/jeux-les-playes-768x300.jpg 768w, https:\/\/www.camplayes.com\/wp-content\/uploads\/2023\/11\/jeux-les-playes-1536x600.jpg 1536w\" sizes=\"(max-width: 1903px) 100vw, 1903px\" title=\"\"><\/figure>\n<\/figure>\n\n\n\n<div class=\"is-content-justification-center is-layout-flex wp-container-3 wp-block-buttons\">\n<div class=\"wp-block-button btn_resa\"><a class=\"wp-block-button__link wp-element-button\"><span class=\"fc-icon magnifying-glass-regular\"><\/span>  Buchen Sie Ihren Aufenthalt<\/a><\/div>\n<\/div>\n<\/div>\n\n\n\n<div class=\"is-layout-flex wp-container-11 wp-block-columns P-10\">\n<div class=\"is-layout-flow wp-block-column\">\n<h1 class=\"p fade-right\">Campingplatz in der N\u00e4he von Toulon mit Animationen<\/h1>\n\n\n\n<h2 class=\"fade-right\">Camping in Sanary-sur-Mer :<br><span class=\"fc-span\">ein Urlaub f\u00fcr die ganze Familie<\/span><\/h2>\n\n\n\n<div class=\"is-layout-constrained wp-block-group deco-umbrella anim--bateau\">\n<h3 class=\"p\">Ein Campingplatz mit Miniclub im Var<\/h3>\n\n\n\n<p>Unser Campingplatz in Six-Fours-les-Plages: Der Campingplatz <a href=\"https:\/\/www.camplayes.com\/de\/\" data-type=\"page\" data-id=\"2\">Les Playes<\/a>, ein <strong>ganzj\u00e4hrig ge\u00f6ffneter Campingplatz im Departement Var<\/strong>, verf\u00fcgt \u00fcber einen Kinderclub.  <strong>Jeden Morgen <\/strong>unter der Woche: Von<strong> Montag bis Freitag und von 10:00 bis 12:00 Uhr<\/strong> empf\u00e4ngt der Kinderclub die J\u00fcngsten zu Kinderspielen im Freien und zu Spiel- und Bastelworkshops.<\/p>\n\n\n\n<div class=\"wp-block-fc-gut-lire-plus fc-mob\"><p class=\"has-text-align-left btn-lire-plus\">Lesen Sie mehr<\/p><div class=\"content-lire-plus\">\n<p>Der ideale Ort, um auf unserem Campingplatz in der N\u00e4he von Sanary-sur-Mer neue Freunde zu finden, die sie am Nachmittag am<strong> beheizten Pool des Campingplatzes <\/strong>oder auch inmitten der Stellpl\u00e4tze oder <a href=\"https:\/\/www.camplayes.com\/de\/standorte\/\" data-type=\"page\" data-id=\"109\">Mobilheime<\/a> jedes Einzelnen wiedersehen k\u00f6nnen.<\/p>\n\n\n\n<p>Der Familienurlaub ist ein Synonym f\u00fcr den Urlaub in der Natur, nicht weit von den Sandstr\u00e4nden und Balneostationen von <a href=\"https:\/\/www.camplayes.com\/de\/alentours\/campingplatz-sanary\/\" data-type=\"alentours\" data-id=\"132\">Sanary-sur-Mer<\/a> und <a href=\"https:\/\/www.camplayes.com\/de\/alentours\/campingplatz-la-seyne-sur-mer\/\" data-type=\"alentours\" data-id=\"127\">La Seyne-sur-Mer<\/a>.<\/p>\n<\/div><\/div>\n\n\n\n<div class=\"is-layout-flex wp-block-buttons\">\n<div class=\"wp-block-button fc-style-1\"><a class=\"wp-block-button__link wp-element-button\" href=\"https:\/\/www.camplayes.com\/de\/fotos-videos\/?galerie=activites\"><span class=\"fc-icon camera-retro-regular\"><\/span>  Zur Fotogalerie<\/a><\/div>\n<\/div>\n<\/div>\n<\/div>\n\n\n\n<div class=\"is-layout-flow wp-block-column\">\n<figure class=\"is-layout-flex wp-block-gallery-8 wp-block-gallery has-nested-images columns-2 is-cropped fade-left fc-auto\">\n<figure class=\"wp-block-image size-full fc-auto\"><img decoding=\"async\" width=\"1903\" height=\"743\" src=\"https:\/\/www.camplayes.com\/wp-content\/uploads\/2023\/11\/aire-de-jeux-les-playes.jpg\" alt=\"\" class=\"wp-image-220\" srcset=\"https:\/\/www.camplayes.com\/wp-content\/uploads\/2023\/11\/aire-de-jeux-les-playes.jpg 1903w, https:\/\/www.camplayes.com\/wp-content\/uploads\/2023\/11\/aire-de-jeux-les-playes-300x117.jpg 300w, https:\/\/www.camplayes.com\/wp-content\/uploads\/2023\/11\/aire-de-jeux-les-playes-1024x400.jpg 1024w, https:\/\/www.camplayes.com\/wp-content\/uploads\/2023\/11\/aire-de-jeux-les-playes-768x300.jpg 768w, https:\/\/www.camplayes.com\/wp-content\/uploads\/2023\/11\/aire-de-jeux-les-playes-1536x600.jpg 1536w\" sizes=\"(max-width: 1903px) 100vw, 1903px\" title=\"\"><\/figure>\n\n\n\n<figure class=\"wp-block-image size-full fc-auto\"><img decoding=\"async\" width=\"800\" height=\"533\" src=\"https:\/\/www.camplayes.com\/wp-content\/uploads\/2023\/11\/102-galerie-decouvrez-le-camping-en-images.jpg\" alt=\"\" class=\"wp-image-221\" srcset=\"https:\/\/www.camplayes.com\/wp-content\/uploads\/2023\/11\/102-galerie-decouvrez-le-camping-en-images.jpg 800w, https:\/\/www.camplayes.com\/wp-content\/uploads\/2023\/11\/102-galerie-decouvrez-le-camping-en-images-300x200.jpg 300w, https:\/\/www.camplayes.com\/wp-content\/uploads\/2023\/11\/102-galerie-decouvrez-le-camping-en-images-768x512.jpg 768w\" sizes=\"(max-width: 800px) 100vw, 800px\" title=\"\"><\/figure>\n\n\n\n<figure class=\"wp-block-image size-full fc-auto\"><img decoding=\"async\" width=\"800\" height=\"533\" src=\"https:\/\/www.camplayes.com\/wp-content\/uploads\/2023\/11\/100-galerie-decouvrez-le-camping-en-images.jpg\" alt=\"\" class=\"wp-image-311\" srcset=\"https:\/\/www.camplayes.com\/wp-content\/uploads\/2023\/11\/100-galerie-decouvrez-le-camping-en-images.jpg 800w, https:\/\/www.camplayes.com\/wp-content\/uploads\/2023\/11\/100-galerie-decouvrez-le-camping-en-images-300x200.jpg 300w, https:\/\/www.camplayes.com\/wp-content\/uploads\/2023\/11\/100-galerie-decouvrez-le-camping-en-images-768x512.jpg 768w\" sizes=\"(max-width: 800px) 100vw, 800px\" title=\"\"><\/figure>\n<\/figure>\n<\/div>\n<\/div>\n\n\n\n<div class=\"is-layout-flex wp-container-17 wp-block-columns alignfull P-20 vague-fond has-fond-background-color has-background reverse-mob\">\n<div class=\"is-layout-flow wp-block-column\">\n<figure class=\"is-layout-flex wp-block-gallery-12 wp-block-gallery has-nested-images columns-2 is-cropped fade-right fc-auto\">\n<figure class=\"wp-block-image size-full fc-auto\"><img decoding=\"async\" width=\"1903\" height=\"743\" src=\"https:\/\/www.camplayes.com\/wp-content\/uploads\/2023\/11\/soiree-les-playes.jpg\" alt=\"\" class=\"wp-image-317\" srcset=\"https:\/\/www.camplayes.com\/wp-content\/uploads\/2023\/11\/soiree-les-playes.jpg 1903w, https:\/\/www.camplayes.com\/wp-content\/uploads\/2023\/11\/soiree-les-playes-300x117.jpg 300w, https:\/\/www.camplayes.com\/wp-content\/uploads\/2023\/11\/soiree-les-playes-1024x400.jpg 1024w, https:\/\/www.camplayes.com\/wp-content\/uploads\/2023\/11\/soiree-les-playes-768x300.jpg 768w, https:\/\/www.camplayes.com\/wp-content\/uploads\/2023\/11\/soiree-les-playes-1536x600.jpg 1536w\" sizes=\"(max-width: 1903px) 100vw, 1903px\" title=\"\"><\/figure>\n\n\n\n<figure class=\"wp-block-image size-full fc-auto\"><img decoding=\"async\" width=\"800\" height=\"533\" src=\"https:\/\/www.camplayes.com\/wp-content\/uploads\/2023\/11\/111-galerie-decouvrez-le-camping-en-images.jpg\" alt=\"\" class=\"wp-image-222\" srcset=\"https:\/\/www.camplayes.com\/wp-content\/uploads\/2023\/11\/111-galerie-decouvrez-le-camping-en-images.jpg 800w, https:\/\/www.camplayes.com\/wp-content\/uploads\/2023\/11\/111-galerie-decouvrez-le-camping-en-images-300x200.jpg 300w, https:\/\/www.camplayes.com\/wp-content\/uploads\/2023\/11\/111-galerie-decouvrez-le-camping-en-images-768x512.jpg 768w\" sizes=\"(max-width: 800px) 100vw, 800px\" title=\"\"><\/figure>\n\n\n\n<figure class=\"wp-block-image size-full fc-auto\"><img decoding=\"async\" width=\"800\" height=\"533\" src=\"https:\/\/www.camplayes.com\/wp-content\/uploads\/2023\/11\/107-galerie-decouvrez-le-camping-en-images.jpg\" alt=\"\" class=\"wp-image-318\" srcset=\"https:\/\/www.camplayes.com\/wp-content\/uploads\/2023\/11\/107-galerie-decouvrez-le-camping-en-images.jpg 800w, https:\/\/www.camplayes.com\/wp-content\/uploads\/2023\/11\/107-galerie-decouvrez-le-camping-en-images-300x200.jpg 300w, https:\/\/www.camplayes.com\/wp-content\/uploads\/2023\/11\/107-galerie-decouvrez-le-camping-en-images-768x512.jpg 768w\" sizes=\"(max-width: 800px) 100vw, 800px\" title=\"\"><\/figure>\n\n\n\n<figure class=\"wp-block-image size-full fc-auto\"><img decoding=\"async\" width=\"800\" height=\"533\" src=\"https:\/\/www.camplayes.com\/wp-content\/uploads\/2023\/11\/106-galerie-decouvrez-le-camping-en-images.jpg\" alt=\"\" class=\"wp-image-319\" srcset=\"https:\/\/www.camplayes.com\/wp-content\/uploads\/2023\/11\/106-galerie-decouvrez-le-camping-en-images.jpg 800w, https:\/\/www.camplayes.com\/wp-content\/uploads\/2023\/11\/106-galerie-decouvrez-le-camping-en-images-300x200.jpg 300w, https:\/\/www.camplayes.com\/wp-content\/uploads\/2023\/11\/106-galerie-decouvrez-le-camping-en-images-768x512.jpg 768w\" sizes=\"(max-width: 800px) 100vw, 800px\" title=\"\"><\/figure>\n<\/figure>\n<\/div>\n\n\n\n<div class=\"is-layout-flow wp-block-column deco-soleil\">\n<h3 class=\"fade-left has-rouge-color has-text-color\">Unser Familiencampingplatz im Var mit lebhaften Abenden<\/h3>\n\n\n\n<p>Wenn der Abend im Herzen <strong>unseres Campingplatzes in Six-Fours-les-Plages<\/strong> anbricht, ist es f\u00fcr die ganze Familie eine gute Gelegenheit, sich auf der Terrasse der Bar zu versammeln und <strong>die Auff\u00fchrungen<\/strong> zu genie\u00dfen, die <strong>im Juli und August zweimal pro Woche<\/strong> stattfinden. Zu diesen Abenden geh\u00f6ren: Konzerte, Auff\u00fchrungen usw.  <\/p>\n\n\n\n<div class=\"wp-block-fc-gut-lire-plus fc-mob\"><p class=\"has-text-align-left btn-lire-plus\">Lesen Sie mehr<\/p><div class=\"content-lire-plus\">\n<p>Es gibt nichts Besseres, als einen Campingurlaub im Departement Var zu verbringen, der von Animationen, der <a href=\"https:\/\/www.camplayes.com\/de\/umgebung\/\">Entdeckung der Region Var<\/a> im Herzen der Region Provence-Alpes-C\u00f4te d&#8217;Azur oder auch vom Faulenzen mit den F\u00fc\u00dfen im Wasser in unserem beheizten Freibad gepr\u00e4gt ist. Ihr Aufenthalt im <strong>Campingplatz bei Toulon<\/strong> verspricht Ihnen Ruhe und gro\u00dfen Komfort unweit des Mittelmeers.<\/p>\n<\/div><\/div>\n\n\n\n<div class=\"is-layout-flex wp-block-buttons\">\n<div class=\"wp-block-button btn_resa fc-style-1\"><a class=\"wp-block-button__link wp-element-button\"><span class=\"fc-icon magnifying-glass-regular\"><\/span>  Buchen<\/a><\/div>\n<\/div>\n<\/div>\n<\/div>\n","protected":false},"excerpt":{"rendered":"<p>Campingplatz in der N\u00e4he von Toulon mit Animationen Camping in Sanary-sur-Mer :ein Urlaub f\u00fcr die ganze Familie Ein Campingplatz mit Miniclub im Var Unser Campingplatz in Six-Fours-les-Plages: Der Campingplatz Les Playes, ein ganzj\u00e4hrig ge\u00f6ffneter Campingplatz im Departement Var, verf\u00fcgt \u00fcber einen Kinderclub. Jeden Morgen unter der Woche: Von Montag bis Freitag und von 10:00 bis [&hellip;]<\/p>\n","protected":false},"author":1,"featured_media":0,"parent":0,"menu_order":0,"comment_status":"closed","ping_status":"closed","template":"","meta":[],"acf":[],"_links":{"self":[{"href":"https:\/\/www.camplayes.com\/de\/wp-json\/wp\/v2\/pages\/650"}],"collection":[{"href":"https:\/\/www.camplayes.com\/de\/wp-json\/wp\/v2\/pages"}],"about":[{"href":"https:\/\/www.camplayes.com\/de\/wp-json\/wp\/v2\/types\/page"}],"author":[{"embeddable":true,"href":"https:\/\/www.camplayes.com\/de\/wp-json\/wp\/v2\/users\/1"}],"replies":[{"embeddable":true,"href":"https:\/\/www.camplayes.com\/de\/wp-json\/wp\/v2\/comments?post=650"}],"version-history":[{"count":6,"href":"https:\/\/www.camplayes.com\/de\/wp-json\/wp\/v2\/pages\/650\/revisions"}],"predecessor-version":[{"id":1647,"href":"https:\/\/www.camplayes.com\/de\/wp-json\/wp\/v2\/pages\/650\/revisions\/1647"}],"wp:attachment":[{"href":"https:\/\/www.camplayes.com\/de\/wp-json\/wp\/v2\/media?parent=650"}],"curies":[{"name":"wp","href":"https:\/\/api.w.org\/{rel}","templated":true}]}}